{"id":465,"date":"2021-02-11T10:32:17","date_gmt":"2021-02-11T10:32:17","guid":{"rendered":"http:\/\/transportesllanos.es\/?page_id=465"},"modified":"2021-02-12T18:00:01","modified_gmt":"2021-02-12T18:00:01","slug":"contacto-calle-perez-de-ayala-numero-32-gijon-asturias","status":"publish","type":"page","link":"https:\/\/transportesllanos.es\/?page_id=465","title":{"rendered":"Contacto"},"content":{"rendered":"<p>[et_pb_section fb_built=\u00bb1&#8243; admin_label=\u00bbHeader\u00bb _builder_version=\u00bb4.8.2&#8243; background_color=\u00bb#b03648&#8243; background_image=\u00bbhttp:\/\/transportesllanos.es\/wp-content\/uploads\/2021\/02\/transportation-services-18.png\u00bb background_size=\u00bbinitial\u00bb background_position=\u00bbbottom_left\u00bb background_blend=\u00bbmultiply\u00bb hover_enabled=\u00bb0&#8243; sticky_enabled=\u00bb0&#8243;][et_pb_row _builder_version=\u00bb3.25&#8243;][et_pb_column type=\u00bb4_4&#8243; _builder_version=\u00bb3.25&#8243; custom_padding=\u00bb|||\u00bb custom_padding__hover=\u00bb|||\u00bb][et_pb_text ul_type=\u00bbcircle\u00bb _builder_version=\u00bb4.8.2&#8243; text_font=\u00bb||||||||\u00bb text_font_size=\u00bb18px\u00bb text_line_height=\u00bb2em\u00bb ul_font=\u00bb||||||||\u00bb ul_font_size=\u00bb18px\u00bb ul_line_height=\u00bb2em\u00bb header_font=\u00bbMontserrat|700|||||||\u00bb header_font_size=\u00bb50px\u00bb header_line_height=\u00bb1.2em\u00bb text_orientation=\u00bbcenter\u00bb background_layout=\u00bbdark\u00bb animation_style=\u00bbslide\u00bb animation_direction=\u00bbleft\u00bb header_font_size_tablet=\u00bb40px\u00bb header_font_size_phone=\u00bb28px\u00bb header_font_size_last_edited=\u00bbon|phone\u00bb]<\/p>\n<h1>Transportes Llanos<\/h1>\n<p>Calle P\u00e9rez de Ayala, N\u00famero 32, Gij\u00f3n, Asturias.<\/p>\n<p>[\/et_pb_text][\/et_pb_column][\/et_pb_row][\/et_pb_section][et_pb_section fb_built=\u00bb1&#8243; admin_label=\u00bbContact us\u00bb _builder_version=\u00bb3.22&#8243; background_image=\u00bbhttp:\/\/transportesllanos.es\/wp-content\/uploads\/2021\/02\/transportation-services-05.png\u00bb background_size=\u00bbinitial\u00bb background_position=\u00bbtop_left\u00bb][et_pb_row column_structure=\u00bb1_2,1_2&#8243; padding_top_bottom_link_2=\u00bbtrue\u00bb padding_left_right_link_2=\u00bbtrue\u00bb _builder_version=\u00bb3.25&#8243;][et_pb_column type=\u00bb1_2&#8243; _builder_version=\u00bb3.25&#8243; custom_padding=\u00bb40px|||\u00bb custom_padding_tablet=\u00bb0px|||||false\u00bb custom_padding_phone=\u00bb|3vw||\u00bb custom_padding_last_edited=\u00bbon|desktop\u00bb padding_phone=\u00bb|3vw||\u00bb padding_tablet=\u00bb0px|||||false\u00bb padding_last_edited=\u00bbon|desktop\u00bb custom_padding__hover=\u00bb|||\u00bb][et_pb_text _builder_version=\u00bb4.8.2&#8243; text_font=\u00bb||||||||\u00bb text_font_size=\u00bb18px\u00bb text_line_height=\u00bb1.8em\u00bb header_font=\u00bb||||||||\u00bb header_2_font=\u00bbMontserrat|700|||||||\u00bb header_2_font_size=\u00bb48px\u00bb header_2_line_height=\u00bb1.4em\u00bb max_width=\u00bb700px\u00bb module_alignment=\u00bbcenter\u00bb header_2_font_size_tablet=\u00bb38px\u00bb header_2_font_size_phone=\u00bb28px\u00bb header_2_font_size_last_edited=\u00bbon|phone\u00bb]<\/p>\n<h2>\u00a1Ponerse en contacto!<\/h2>\n<p>\u00a0\u00bfTienes una pregunta general? \u00a1Ponerse en contacto!<\/p>\n<p>[\/et_pb_text][et_pb_blurb title=\u00bbCalle Perez  de Ayala numero 32, Gijon, Asturias.\u00bb use_icon=\u00bbon\u00bb font_icon=\u00bb%%249%%\u00bb icon_color=\u00bb#894967&#8243; icon_placement=\u00bbleft\u00bb use_icon_font_size=\u00bbon\u00bb _builder_version=\u00bb4.8.2&#8243; header_font=\u00bbMontserrat|700|||||||\u00bb header_font_size=\u00bb16px\u00bb header_line_height=\u00bb1.4em\u00bb body_font=\u00bb||||||||\u00bb body_line_height=\u00bb2em\u00bb text_orientation=\u00bbcenter\u00bb][\/et_pb_blurb][et_pb_blurb title=\u00bb(+34) 985 15 38 38 8     (+34) 985 14 40 19&#8243; use_icon=\u00bbon\u00bb font_icon=\u00bb%%264%%\u00bb icon_color=\u00bb#894967&#8243; icon_placement=\u00bbleft\u00bb use_icon_font_size=\u00bbon\u00bb _builder_version=\u00bb4.8.2&#8243; header_font=\u00bbMontserrat|700|||||||\u00bb header_font_size=\u00bb16px\u00bb header_line_height=\u00bb1.4em\u00bb body_font=\u00bb||||||||\u00bb body_line_height=\u00bb2em\u00bb text_orientation=\u00bbcenter\u00bb][\/et_pb_blurb][et_pb_blurb title=\u00bb sctllanos@hotmail.com\u00bb use_icon=\u00bbon\u00bb font_icon=\u00bb%%238%%\u00bb icon_color=\u00bb#894967&#8243; icon_placement=\u00bbleft\u00bb use_icon_font_size=\u00bbon\u00bb _builder_version=\u00bb4.8.2&#8243; header_font=\u00bbMontserrat|700|||||||\u00bb header_font_size=\u00bb16px\u00bb header_line_height=\u00bb1.4em\u00bb body_font=\u00bb||||||||\u00bb body_line_height=\u00bb2em\u00bb text_orientation=\u00bbcenter\u00bb][\/et_pb_blurb][et_pb_social_media_follow _builder_version=\u00bb4.8.2&#8243; _module_preset=\u00bbdefault\u00bb locked=\u00bboff\u00bb][et_pb_social_media_follow_network social_network=\u00bbfacebook\u00bb url=\u00bbhttps:\/\/www.facebook.com\/Transportes-Llanos-104932264970018&#8243; _builder_version=\u00bb4.8.2&#8243; _module_preset=\u00bbdefault\u00bb background_color=\u00bb#3b5998&#8243; follow_button=\u00bboff\u00bb url_new_window=\u00bbon\u00bb]facebook[\/et_pb_social_media_follow_network][et_pb_social_media_follow_network social_network=\u00bbtwitter\u00bb url=\u00bbhttps:\/\/twitter.com\/sctllanos\u00bb _builder_version=\u00bb4.8.2&#8243; _module_preset=\u00bbdefault\u00bb background_color=\u00bb#00aced\u00bb follow_button=\u00bboff\u00bb url_new_window=\u00bbon\u00bb]twitter[\/et_pb_social_media_follow_network][\/et_pb_social_media_follow][\/et_pb_column][et_pb_column type=\u00bb1_2&#8243; _builder_version=\u00bb3.25&#8243; background_color=\u00bb#212121&#8243; custom_padding=\u00bb40px|40px|40px|40px\u00bb custom_padding_tablet=\u00bb\u00bb custom_padding_phone=\u00bb|20px||20px||true\u00bb custom_padding_last_edited=\u00bbon|phone\u00bb padding_phone=\u00bb|20px||20px||true\u00bb padding_last_edited=\u00bbon|phone\u00bb custom_padding__hover=\u00bb|||\u00bb][et_pb_text _builder_version=\u00bb4.8.2&#8243; _module_preset=\u00bbdefault\u00bb text_font=\u00bb|600|||||||\u00bb text_text_color=\u00bb#FFFFFF\u00bb text_font_size=\u00bb20px\u00bb]<\/p>\n<p>SOLICITE PRESUPUESTO SIN COMPROMISO<\/p>\n<p>[\/et_pb_text][et_pb_contact_form captcha=\u00bboff\u00bb email=\u00bbsctllanos@hotmail.com\u00bb title=\u00bbHabla con nosotros\u00bb submit_button_text=\u00bbEnviar\u00bb module_id=\u00bbet_pb_contact_form_0&#8243; _builder_version=\u00bb4.8.2&#8243; form_field_background_color=\u00bbrgba(0,0,0,0)\u00bb form_field_text_color=\u00bbrgba(255,255,255,0.7)\u00bb title_font=\u00bbMontserrat|700|||||||\u00bb title_text_color=\u00bb#ffffff\u00bb title_font_size=\u00bb48px\u00bb title_line_height=\u00bb1.4em\u00bb form_field_font=\u00bb||||||||\u00bb form_field_font_size=\u00bb16px\u00bb custom_button=\u00bbon\u00bb button_text_size=\u00bb16px\u00bb button_text_color=\u00bb#2a2a2a\u00bb button_bg_color=\u00bb#ffffff\u00bb button_border_width=\u00bb10px\u00bb button_border_color=\u00bb#ffffff\u00bb button_letter_spacing=\u00bb2px\u00bb button_font=\u00bbMontserrat|700|||||||\u00bb button_icon=\u00bb%%3%%\u00bb max_width=\u00bb700px\u00bb animation_style=\u00bbzoom\u00bb animation_intensity_zoom=\u00bb2%\u00bb title_font_size_tablet=\u00bb38px\u00bb title_font_size_phone=\u00bb28px\u00bb title_font_size_last_edited=\u00bbon|phone\u00bb border_color_all=\u00bbrgba(255,255,255,0.15)\u00bb border_width_bottom=\u00bb2px\u00bb form_background_color=\u00bbrgba(0,0,0,0)\u00bb][et_pb_contact_field field_id=\u00bbFull_Name\u00bb field_title=\u00bbNombre\u00bb fullwidth_field=\u00bbon\u00bb _builder_version=\u00bb4.8.2&#8243; button_text_size__hover_enabled=\u00bboff\u00bb button_one_text_size__hover_enabled=\u00bboff\u00bb button_two_text_size__hover_enabled=\u00bboff\u00bb button_text_color__hover_enabled=\u00bboff\u00bb button_one_text_color__hover_enabled=\u00bboff\u00bb button_two_text_color__hover_enabled=\u00bboff\u00bb button_border_width__hover_enabled=\u00bboff\u00bb button_one_border_width__hover_enabled=\u00bboff\u00bb button_two_border_width__hover_enabled=\u00bboff\u00bb button_border_color__hover_enabled=\u00bboff\u00bb button_one_border_color__hover_enabled=\u00bboff\u00bb button_two_border_color__hover_enabled=\u00bboff\u00bb button_border_radius__hover_enabled=\u00bboff\u00bb button_one_border_radius__hover_enabled=\u00bboff\u00bb button_two_border_radius__hover_enabled=\u00bboff\u00bb button_letter_spacing__hover_enabled=\u00bboff\u00bb button_one_letter_spacing__hover_enabled=\u00bboff\u00bb button_two_letter_spacing__hover_enabled=\u00bboff\u00bb button_bg_color__hover_enabled=\u00bboff\u00bb button_one_bg_color__hover_enabled=\u00bboff\u00bb button_two_bg_color__hover_enabled=\u00bboff\u00bb][\/et_pb_contact_field][et_pb_contact_field field_id=\u00bbEmail_Address\u00bb field_title=\u00bbCorreo Electr\u00f3nico\u00bb field_type=\u00bbemail\u00bb fullwidth_field=\u00bbon\u00bb _builder_version=\u00bb4.8.2&#8243; button_text_size__hover_enabled=\u00bboff\u00bb button_one_text_size__hover_enabled=\u00bboff\u00bb button_two_text_size__hover_enabled=\u00bboff\u00bb button_text_color__hover_enabled=\u00bboff\u00bb button_one_text_color__hover_enabled=\u00bboff\u00bb button_two_text_color__hover_enabled=\u00bboff\u00bb button_border_width__hover_enabled=\u00bboff\u00bb button_one_border_width__hover_enabled=\u00bboff\u00bb button_two_border_width__hover_enabled=\u00bboff\u00bb button_border_color__hover_enabled=\u00bboff\u00bb button_one_border_color__hover_enabled=\u00bboff\u00bb button_two_border_color__hover_enabled=\u00bboff\u00bb button_border_radius__hover_enabled=\u00bboff\u00bb button_one_border_radius__hover_enabled=\u00bboff\u00bb button_two_border_radius__hover_enabled=\u00bboff\u00bb button_letter_spacing__hover_enabled=\u00bboff\u00bb button_one_letter_spacing__hover_enabled=\u00bboff\u00bb button_two_letter_spacing__hover_enabled=\u00bboff\u00bb button_bg_color__hover_enabled=\u00bboff\u00bb button_one_bg_color__hover_enabled=\u00bboff\u00bb button_two_bg_color__hover_enabled=\u00bboff\u00bb][\/et_pb_contact_field][et_pb_contact_field field_id=\u00bbPhone_Number\u00bb field_title=\u00bbTel\u00e9fono\u00bb allowed_symbols=\u00bbnumbers\u00bb fullwidth_field=\u00bbon\u00bb _builder_version=\u00bb4.8.2&#8243; button_text_size__hover_enabled=\u00bboff\u00bb button_one_text_size__hover_enabled=\u00bboff\u00bb button_two_text_size__hover_enabled=\u00bboff\u00bb button_text_color__hover_enabled=\u00bboff\u00bb button_one_text_color__hover_enabled=\u00bboff\u00bb button_two_text_color__hover_enabled=\u00bboff\u00bb button_border_width__hover_enabled=\u00bboff\u00bb button_one_border_width__hover_enabled=\u00bboff\u00bb button_two_border_width__hover_enabled=\u00bboff\u00bb button_border_color__hover_enabled=\u00bboff\u00bb button_one_border_color__hover_enabled=\u00bboff\u00bb button_two_border_color__hover_enabled=\u00bboff\u00bb button_border_radius__hover_enabled=\u00bboff\u00bb button_one_border_radius__hover_enabled=\u00bboff\u00bb button_two_border_radius__hover_enabled=\u00bboff\u00bb button_letter_spacing__hover_enabled=\u00bboff\u00bb button_one_letter_spacing__hover_enabled=\u00bboff\u00bb button_two_letter_spacing__hover_enabled=\u00bboff\u00bb button_bg_color__hover_enabled=\u00bboff\u00bb button_one_bg_color__hover_enabled=\u00bboff\u00bb button_two_bg_color__hover_enabled=\u00bboff\u00bb][\/et_pb_contact_field][et_pb_contact_field field_id=\u00bbMessage\u00bb field_title=\u00bbMensaje\u00bb field_type=\u00bbtext\u00bb fullwidth_field=\u00bbon\u00bb _builder_version=\u00bb4.8.2&#8243; button_text_size__hover_enabled=\u00bboff\u00bb button_one_text_size__hover_enabled=\u00bboff\u00bb button_two_text_size__hover_enabled=\u00bboff\u00bb button_text_color__hover_enabled=\u00bboff\u00bb button_one_text_color__hover_enabled=\u00bboff\u00bb button_two_text_color__hover_enabled=\u00bboff\u00bb button_border_width__hover_enabled=\u00bboff\u00bb button_one_border_width__hover_enabled=\u00bboff\u00bb button_two_border_width__hover_enabled=\u00bboff\u00bb button_border_color__hover_enabled=\u00bboff\u00bb button_one_border_color__hover_enabled=\u00bboff\u00bb button_two_border_color__hover_enabled=\u00bboff\u00bb button_border_radius__hover_enabled=\u00bboff\u00bb button_one_border_radius__hover_enabled=\u00bboff\u00bb button_two_border_radius__hover_enabled=\u00bboff\u00bb button_letter_spacing__hover_enabled=\u00bboff\u00bb button_one_letter_spacing__hover_enabled=\u00bboff\u00bb button_two_letter_spacing__hover_enabled=\u00bboff\u00bb button_bg_color__hover_enabled=\u00bboff\u00bb button_one_bg_color__hover_enabled=\u00bboff\u00bb button_two_bg_color__hover_enabled=\u00bboff\u00bb][\/et_pb_contact_field][\/et_pb_contact_form][\/et_pb_column][\/et_pb_row][\/et_pb_section][et_pb_section fb_built=\u00bb1&#8243; admin_label=\u00bbFAQ\u00bb _builder_version=\u00bb3.22&#8243; background_color=\u00bbrgba(231,238,245,0.4)\u00bb][et_pb_row _builder_version=\u00bb4.8.2&#8243;][et_pb_column type=\u00bb4_4&#8243; _builder_version=\u00bb3.25&#8243; custom_padding=\u00bb|||\u00bb custom_padding__hover=\u00bb|||\u00bb][et_pb_text _builder_version=\u00bb4.8.2&#8243; text_font=\u00bb||||||||\u00bb text_font_size=\u00bb16px\u00bb text_line_height=\u00bb2em\u00bb header_font=\u00bb||||||||\u00bb header_3_font=\u00bbMontserrat|700|||||||\u00bb header_3_font_size=\u00bb26px\u00bb header_3_line_height=\u00bb1.4em\u00bb max_width=\u00bb700px\u00bb header_3_font_size_tablet=\u00bb26px\u00bb header_3_font_size_phone=\u00bb20px\u00bb header_3_font_size_last_edited=\u00bbon|desktop\u00bb locked=\u00bboff\u00bb]<\/p>\n<h3>Preguntas Frecuentes<\/h3>\n<pre class=\"tw-data-text tw-text-large XcVN5d tw-ta\" data-placeholder=\"Traducci\u00f3n\" id=\"tw-target-text\" dir=\"ltr\"><\/pre>\n<h3><\/h3>\n<p>[\/et_pb_text][et_pb_accordion open_toggle_background_color=\u00bb#ffffff\u00bb closed_toggle_background_color=\u00bb#ffffff\u00bb _builder_version=\u00bb4.8.2&#8243; toggle_font=\u00bb|700|||||||\u00bb toggle_font_size=\u00bb14px\u00bb toggle_line_height=\u00bb1.4em\u00bb body_font=\u00bb||||||||\u00bb body_line_height=\u00bb2em\u00bb custom_margin=\u00bb|||\u00bb border_width_all=\u00bb0px\u00bb locked=\u00bboff\u00bb][et_pb_accordion_item title=\u00bb\u00bfD\u00f3nde est\u00e1n ubicados?\u00bb open=\u00bbon\u00bb _builder_version=\u00bb4.8.2&#8243; custom_margin=\u00bb10px||10px||true\u00bb]<\/p>\n<p><span>Transportes Llanos\u00a0est\u00e1 ubicado en Gij\u00f3n, Asturias. Para ver como llegar pulse <a href=\"https:\/\/www.google.com\/maps\/place\/Transportes+Llanos\/@43.5319464,-5.6647688,15z\/data=!4m5!3m4!1s0x0:0x61daf8ee1746287d!8m2!3d43.5319464!4d-5.6647688\">aqu\u00ed.<\/a><\/span><\/p>\n<p>&nbsp;<\/p>\n<p>[\/et_pb_accordion_item][et_pb_accordion_item title=\u00bb\u00bfQue es lo que necesitamos saber para realizar el presupuesto?\u00bb _builder_version=\u00bb4.8.2&#8243; custom_margin=\u00bb10px||10px||true\u00bb open=\u00bboff\u00bb]<\/p>\n<p><span>Para <\/span>nosotros mismos<span> es <\/span><strong>fundamental<\/strong><span> saber el destino y el peso de la mercanc\u00eda<\/span><span>. <\/span><\/p>\n<p>[\/et_pb_accordion_item][et_pb_accordion_item title=\u00bbPeso y\/o medida de la mercanc\u00eda\u00bb _builder_version=\u00bb4.8.2&#8243; custom_margin=\u00bb10px||10px||true\u00bb open=\u00bboff\u00bb]<\/p>\n<p><span>Este detalle es <\/span><b>indispensable<\/b><span> para <\/span><b>nosotros mismos<\/b><span>, por <\/span><b>diversos<\/b><span> motivos: el espacio que ocupa en el medio de transporte, la carga m\u00e1xima (ya que llevar\u00e1 m\u00e1s mercanc\u00eda) y por <\/span><b>ver<\/b><span> como recogeremos o entregaremos la mercanc\u00eda.<\/span><\/p>\n<p>[\/et_pb_accordion_item][\/et_pb_accordion][\/et_pb_column][\/et_pb_row][\/et_pb_section][et_pb_section fb_built=\u00bb1&#8243; _builder_version=\u00bb4.8.2&#8243; _module_preset=\u00bbdefault\u00bb][et_pb_row _builder_version=\u00bb4.8.2&#8243; _module_preset=\u00bbdefault\u00bb][et_pb_column type=\u00bb4_4&#8243; _builder_version=\u00bb4.8.2&#8243; _module_preset=\u00bbdefault\u00bb][et_pb_code _builder_version=\u00bb4.8.2&#8243; _module_preset=\u00bbdefault\u00bb]<iframe src=\"https:\/\/www.google.com\/maps\/embed?pb=!1m18!1m12!1m3!1d2892.5827953621697!2d-5.667013784587599!3d43.53189206828462!2m3!1f0!2f0!3f0!3m2!1i1024!2i768!4f13.1!3m3!1m2!1s0xd367c8b7224c2c7%3A0x4538da5e1002513!2sCalle%20P%C3%A9rez%20de%20Ayala%2C%2032%2C%2033208%20Gij%C3%B3n%2C%20Asturias!5e0!3m2!1ses-419!2ses!4v1613040338067!5m2!1ses-419!2ses\" width=\"1900\" height=\"500\" frameborder=\"0\" style=\"border:0;\" allowfullscreen=\"\" aria-hidden=\"false\" tabindex=\"0\"><\/iframe>[\/et_pb_code][\/et_pb_column][\/et_pb_row][\/et_pb_section]<\/p>\n","protected":false},"excerpt":{"rendered":"<p>[et_pb_section fb_built=\u00bb1&#8243; admin_label=\u00bbHeader\u00bb _builder_version=\u00bb4.8.2&#8243; background_color=\u00bb#b03648&#8243; background_image=\u00bbhttp:\/\/transportesllanos.es\/wp-content\/uploads\/2021\/02\/transportation-services-18.png\u00bb background_size=\u00bbinitial\u00bb background_position=\u00bbbottom_left\u00bb background_blend=\u00bbmultiply\u00bb hover_enabled=\u00bb0&#8243; sticky_enabled=\u00bb0&#8243;][et_pb_row _builder_version=\u00bb3.25&#8243;][et_pb_column type=\u00bb4_4&#8243; _builder_version=\u00bb3.25&#8243; custom_padding=\u00bb|||\u00bb custom_padding__hover=\u00bb|||\u00bb][et_pb_text ul_type=\u00bbcircle\u00bb _builder_version=\u00bb4.8.2&#8243; text_font=\u00bb||||||||\u00bb text_font_size=\u00bb18px\u00bb text_line_height=\u00bb2em\u00bb ul_font=\u00bb||||||||\u00bb ul_font_size=\u00bb18px\u00bb ul_line_height=\u00bb2em\u00bb header_font=\u00bbMontserrat|700|||||||\u00bb header_font_size=\u00bb50px\u00bb header_line_height=\u00bb1.2em\u00bb text_orientation=\u00bbcenter\u00bb background_layout=\u00bbdark\u00bb animation_style=\u00bbslide\u00bb animation_direction=\u00bbleft\u00bb header_font_size_tablet=\u00bb40px\u00bb header_font_size_phone=\u00bb28px\u00bb header_font_size_last_edited=\u00bbon|phone\u00bb] Transportes Llanos Calle P\u00e9rez de Ayala, N\u00famero 32, Gij\u00f3n, Asturias. [\/et_pb_text][\/et_pb_column][\/et_pb_row][\/et_pb_section][et_pb_section fb_built=\u00bb1&#8243; admin_label=\u00bbContact us\u00bb _builder_version=\u00bb3.22&#8243; background_image=\u00bbhttp:\/\/transportesllanos.es\/wp-content\/uploads\/2021\/02\/transportation-services-05.png\u00bb background_size=\u00bbinitial\u00bb background_position=\u00bbtop_left\u00bb][et_pb_row column_structure=\u00bb1_2,1_2&#8243; padding_top_bottom_link_2=\u00bbtrue\u00bb padding_left_right_link_2=\u00bbtrue\u00bb [&hellip;]<\/p>\n","protected":false},"author":1,"featured_media":0,"parent":0,"menu_order":0,"comment_status":"closed","ping_status":"closed","template":"","meta":{"_et_pb_use_builder":"on","_et_pb_old_content":"","_et_gb_content_width":""},"yoast_head":"<!-- This site is optimized with the Yoast SEO plugin v15.8 - https:\/\/yoast.com\/wordpress\/plugins\/seo\/ -->\n<title>P\u00e9rez de Ayala N\u00famero 32, Gij\u00f3n, Asturias - Transportes Llanos<\/title>\n<meta name=\"description\" content=\"\u00bfTienes una pregunta general? \u00a1Ponerse en contacto! Transportes Llanos calle P\u00e9rez Ayala N\u00famero 32, Gij\u00f3n, Asturias. Transportes de mecancias\" \/>\n<meta name=\"robots\" content=\"index, follow, max-snippet:-1, max-image-preview:large, max-video-preview:-1\" \/>\n<link rel=\"canonical\" href=\"http:\/\/transportesllanos.es\/?page_id=465\" \/>\n<meta property=\"og:locale\" content=\"es_ES\" \/>\n<meta property=\"og:type\" content=\"article\" \/>\n<meta property=\"og:title\" content=\"P\u00e9rez de Ayala N\u00famero 32, Gij\u00f3n, Asturias - Transportes Llanos\" \/>\n<meta property=\"og:description\" content=\"\u00bfTienes una pregunta general? \u00a1Ponerse en contacto! Transportes Llanos calle P\u00e9rez Ayala N\u00famero 32, Gij\u00f3n, Asturias. Transportes de mecancias\" \/>\n<meta property=\"og:url\" content=\"http:\/\/transportesllanos.es\/?page_id=465\" \/>\n<meta property=\"og:site_name\" content=\"Transportes Llanos\" \/>\n<meta property=\"article:modified_time\" content=\"2021-02-12T18:00:01+00:00\" \/>\n<meta name=\"twitter:card\" content=\"summary_large_image\" \/>\n<meta name=\"twitter:label1\" content=\"Tiempo de lectura\">\n\t<meta name=\"twitter:data1\" content=\"3 minutos\">\n<script type=\"application\/ld+json\" class=\"yoast-schema-graph\">{\"@context\":\"https:\/\/schema.org\",\"@graph\":[{\"@type\":\"Organization\",\"@id\":\"https:\/\/transportesllanos.es\/#organization\",\"name\":\"Transportes Llanos\",\"url\":\"https:\/\/transportesllanos.es\/\",\"sameAs\":[],\"logo\":{\"@type\":\"ImageObject\",\"@id\":\"https:\/\/transportesllanos.es\/#logo\",\"inLanguage\":\"es\",\"url\":\"https:\/\/transportesllanos.es\/wp-content\/uploads\/2021\/02\/cropped-logo.png\",\"width\":512,\"height\":512,\"caption\":\"Transportes Llanos\"},\"image\":{\"@id\":\"https:\/\/transportesllanos.es\/#logo\"}},{\"@type\":\"WebSite\",\"@id\":\"https:\/\/transportesllanos.es\/#website\",\"url\":\"https:\/\/transportesllanos.es\/\",\"name\":\"Transportes Llanos\",\"description\":\"Transporte de mercanc\\u00edas Asturias.\",\"publisher\":{\"@id\":\"https:\/\/transportesllanos.es\/#organization\"},\"potentialAction\":[{\"@type\":\"SearchAction\",\"target\":\"https:\/\/transportesllanos.es\/?s={search_term_string}\",\"query-input\":\"required name=search_term_string\"}],\"inLanguage\":\"es\"},{\"@type\":\"WebPage\",\"@id\":\"http:\/\/transportesllanos.es\/?page_id=465#webpage\",\"url\":\"http:\/\/transportesllanos.es\/?page_id=465\",\"name\":\"P\\u00e9rez de Ayala N\\u00famero 32, Gij\\u00f3n, Asturias - Transportes Llanos\",\"isPartOf\":{\"@id\":\"https:\/\/transportesllanos.es\/#website\"},\"datePublished\":\"2021-02-11T10:32:17+00:00\",\"dateModified\":\"2021-02-12T18:00:01+00:00\",\"description\":\"\\u00bfTienes una pregunta general? \\u00a1Ponerse en contacto! Transportes Llanos calle P\\u00e9rez Ayala N\\u00famero 32, Gij\\u00f3n, Asturias. Transportes de mecancias\",\"breadcrumb\":{\"@id\":\"http:\/\/transportesllanos.es\/?page_id=465#breadcrumb\"},\"inLanguage\":\"es\",\"potentialAction\":[{\"@type\":\"ReadAction\",\"target\":[\"http:\/\/transportesllanos.es\/?page_id=465\"]}]},{\"@type\":\"BreadcrumbList\",\"@id\":\"http:\/\/transportesllanos.es\/?page_id=465#breadcrumb\",\"itemListElement\":[{\"@type\":\"ListItem\",\"position\":1,\"item\":{\"@type\":\"WebPage\",\"@id\":\"http:\/\/transportesllanos.es\/\",\"url\":\"http:\/\/transportesllanos.es\/\",\"name\":\"Portada\"}},{\"@type\":\"ListItem\",\"position\":2,\"item\":{\"@type\":\"WebPage\",\"@id\":\"http:\/\/transportesllanos.es\/?page_id=465\",\"url\":\"http:\/\/transportesllanos.es\/?page_id=465\",\"name\":\"Contacto\"}}]}]}<\/script>\n<!-- \/ Yoast SEO plugin. -->","_links":{"self":[{"href":"https:\/\/transportesllanos.es\/index.php?rest_route=\/wp\/v2\/pages\/465"}],"collection":[{"href":"https:\/\/transportesllanos.es\/index.php?rest_route=\/wp\/v2\/pages"}],"about":[{"href":"https:\/\/transportesllanos.es\/index.php?rest_route=\/wp\/v2\/types\/page"}],"author":[{"embeddable":true,"href":"https:\/\/transportesllanos.es\/index.php?rest_route=\/wp\/v2\/users\/1"}],"replies":[{"embeddable":true,"href":"https:\/\/transportesllanos.es\/index.php?rest_route=%2Fwp%2Fv2%2Fcomments&post=465"}],"version-history":[{"count":25,"href":"https:\/\/transportesllanos.es\/index.php?rest_route=\/wp\/v2\/pages\/465\/revisions"}],"predecessor-version":[{"id":870,"href":"https:\/\/transportesllanos.es\/index.php?rest_route=\/wp\/v2\/pages\/465\/revisions\/870"}],"wp:attachment":[{"href":"https:\/\/transportesllanos.es\/index.php?rest_route=%2Fwp%2Fv2%2Fmedia&parent=465"}],"curies":[{"name":"wp","href":"https:\/\/api.w.org\/{rel}","templated":true}]}}